{"id":17708,"date":"2023-04-04T08:47:09","date_gmt":"2023-04-04T08:47:09","guid":{"rendered":"https:\/\/activpro.es\/?page_id=17708"},"modified":"2023-04-12T13:49:58","modified_gmt":"2023-04-12T13:49:58","slug":"gestion-musical","status":"publish","type":"page","link":"https:\/\/activpro.es\/en\/gestion-musical\/","title":{"rendered":"Music management"},"content":{"rendered":"<p>[vc_row css_animation=&#8221;&#8221; row_type=&#8221;row&#8221; use_row_as_full_screen_section=&#8221;no&#8221; type=&#8221;grid&#8221; angled_section=&#8221;no&#8221; text_align=&#8221;left&#8221; background_image_as_pattern=&#8221;without_pattern&#8221; padding_top=&#8221;87&#8243; padding_bottom=&#8221;23&#8243;][vc_column][vc_separator type=&#8221;small&#8221; position=&#8221;center&#8221; transparency=&#8221;0&#8243; up=&#8221;7&#8243; down=&#8221;37&#8243;][vc_separator type=&#8221;small&#8221; position=&#8221;center&#8221; transparency=&#8221;0&#8243; up=&#8221;7&#8243; down=&#8221;37&#8243;][vc_column_text]<\/p>\n<h2 style=\"text-align: center;\">LABOR MANAGEMENT &amp; ARTIST BILLING<\/h2>\n<p>[\/vc_column_text][vc_separator type=&#8221;small&#8221; position=&#8221;center&#8221; up=&#8221;7&#8243; down=&#8221;37&#8243;][vc_column_text]<\/p>\n<h5 style=\"text-align: center;\">Tax and accounting solutions for professionals in the cultural and events sector<\/h5>\n<p>[\/vc_column_text][vc_separator type=&#8221;small&#8221; position=&#8221;center&#8221; transparency=&#8221;0&#8243; up=&#8221;7&#8243; down=&#8221;37&#8243;][vc_row_inner row_type=&#8221;row&#8221; type=&#8221;full_width&#8221; text_align=&#8221;left&#8221; css_animation=&#8221;&#8221;][vc_column_inner width=&#8221;1\/6&#8243;][\/vc_column_inner][vc_column_inner width=&#8221;2\/3&#8243;][vc_column_text]The tax and accounting solution for professionals in the cultural and events sector \ud83c\udf9b Comprehensive tax, accounting and labor advice. We carry out all the procedures you need as an Independent Professional. Forget about all the paperwork before any event, focus on your show, premiere, or performance. We take care of all the bureaucracy.[\/vc_column_text][vc_separator type=&#8221;small&#8221; position=&#8221;center&#8221; transparency=&#8221;0&#8243; up=&#8221;7&#8243; down=&#8221;37&#8243;][vc_column_text]<\/p>\n<p class=\"p1\" style=\"text-align: center;\"><strong>&#8211; Integral adviser<\/strong><\/p>\n<p class=\"p1\" style=\"text-align: center;\"><strong>&#8211; We carry out all the procedures<\/strong><\/p>\n<p class=\"p1\" style=\"text-align: center;\"><strong>&#8211; Forget all the paperwork before any event<\/strong><\/p>\n<p class=\"p1\" style=\"text-align: center;\"><strong>&#8211; We take care of it all<\/strong><\/p>\n<p>[\/vc_column_text][\/vc_column_inner][vc_column_inner width=&#8221;1\/6&#8243;][\/vc_column_inner][\/vc_row_inner][vc_separator type=&#8221;small&#8221; position=&#8221;center&#8221; transparency=&#8221;0&#8243; up=&#8221;7&#8243; down=&#8221;37&#8243;][vc_single_image image=&#8221;18047&#8243; img_size=&#8221;full&#8221; alignment=&#8221;center&#8221; qode_css_animation=&#8221;&#8221;][vc_separator type=&#8221;small&#8221; position=&#8221;center&#8221; transparency=&#8221;0&#8243; up=&#8221;7&#8243; down=&#8221;37&#8243;][\/vc_column][\/vc_row][vc_row css_animation=&#8221;&#8221; row_type=&#8221;row&#8221; use_row_as_full_screen_section=&#8221;no&#8221; type=&#8221;grid&#8221; anchor=&#8221;portfolio&#8221; angled_section=&#8221;no&#8221; text_align=&#8221;left&#8221; background_image_as_pattern=&#8221;without_pattern&#8221; background_color=&#8221;#ffffff&#8221; padding_top=&#8221;95&#8243; padding_bottom=&#8221;0&#8243;][vc_column width=&#8221;1\/3&#8243;][vc_column_text]<\/p>\n<h3 style=\"text-align: left;\">LABOUR AND ADMINISTRATIVE MANAGEMENT<\/h3>\n<p>[\/vc_column_text][vc_separator type=&#8221;transparent&#8221; up=&#8221;13&#8243; down=&#8221;8&#8243;][vc_column_text]We take care of all labour and administrative formalities. We have a follow-up of invoice collection control, making the process fast and convenient for all parties involved.[\/vc_column_text][\/vc_column][vc_column width=&#8221;1\/3&#8243;][vc_column_text]<\/p>\n<h3 style=\"text-align: left;\">NATIONAL\/INTERNATIONAL WORKS<\/h3>\n<p>[\/vc_column_text][vc_separator type=&#8221;transparent&#8221; up=&#8221;13&#8243; down=&#8221;8&#8243;][vc_column_text]We work at all levels: local, regional, national and international.[\/vc_column_text][\/vc_column][vc_column width=&#8221;1\/3&#8243;][vc_column_text]<\/p>\n<h3 style=\"text-align: left;\">AGILITY AND EASE IN THE PROCESS<\/h3>\n<p>[\/vc_column_text][vc_separator type=&#8221;transparent&#8221; up=&#8221;13&#8243; down=&#8221;8&#8243;][vc_column_text]We speed up and facilitate the process, being the company\/artist contact fast and fluid.[\/vc_column_text][\/vc_column][\/vc_row][vc_row css_animation=&#8221;&#8221; row_type=&#8221;row&#8221; use_row_as_full_screen_section=&#8221;no&#8221; type=&#8221;grid&#8221; anchor=&#8221;portfolio&#8221; angled_section=&#8221;no&#8221; text_align=&#8221;left&#8221; background_image_as_pattern=&#8221;without_pattern&#8221; background_color=&#8221;#ffffff&#8221; padding_top=&#8221;95&#8243; padding_bottom=&#8221;0&#8243;][vc_column width=&#8221;1\/6&#8243;][\/vc_column][vc_column width=&#8221;2\/3&#8243;][vc_separator type=&#8221;transparent&#8221; up=&#8221;35&#8243; down=&#8221;0&#8243;][vc_separator type=&#8221;transparent&#8221; up=&#8221;35&#8243; down=&#8221;0&#8243;][vc_column_text]We work for artists in general, musicians, DJs, producers, sound and lighting technicians and installers, all professions related to music and professional sound. Also technical assistants, assembly workers and transporters in the sector.<\/p>\n<p>We manage all the procedures with Town Councils and Public or Private Institutions so that the artist can focus only on their show and not on everything that involves the contracting and invoicing of such events.<\/p>\n<p>We have years of experience in this type of management, staff and specific programmes for invoicing through FACe (general entry point for electronic invoices of the General State Administration) and Electronic Headquarters.<\/p>\n<p>Each artist&#8217;s situation is different from the rest, which is why we treat each case specifically for the best convenience of each specific job.[\/vc_column_text][vc_separator type=&#8221;transparent&#8221; up=&#8221;35&#8243; down=&#8221;0&#8243;][vc_separator type=&#8221;transparent&#8221; up=&#8221;35&#8243; down=&#8221;0&#8243;][\/vc_column][vc_column width=&#8221;1\/6&#8243;][\/vc_column][\/vc_row][vc_row css_animation=&#8221;&#8221; row_type=&#8221;row&#8221; use_row_as_full_screen_section=&#8221;no&#8221; type=&#8221;grid&#8221; anchor=&#8221;portfolio&#8221; angled_section=&#8221;no&#8221; text_align=&#8221;left&#8221; background_image_as_pattern=&#8221;without_pattern&#8221; background_color=&#8221;#f7f7f7&#8243; padding_top=&#8221;95&#8243; padding_bottom=&#8221;0&#8243;][vc_column width=&#8221;1\/6&#8243;][\/vc_column][vc_column width=&#8221;2\/3&#8243;][vc_column_text]<\/p>\n<h2 style=\"text-align: center;\">Our Services<\/h2>\n<p>[\/vc_column_text][vc_separator type=&#8221;transparent&#8221; up=&#8221;13&#8243; down=&#8221;8&#8243;][\/vc_column][vc_column width=&#8221;1\/6&#8243;][\/vc_column][\/vc_row][vc_row css_animation=&#8221;&#8221; row_type=&#8221;row&#8221; use_row_as_full_screen_section=&#8221;no&#8221; type=&#8221;grid&#8221; anchor=&#8221;portfolio&#8221; angled_section=&#8221;no&#8221; text_align=&#8221;left&#8221; background_image_as_pattern=&#8221;without_pattern&#8221; background_color=&#8221;#f7f7f7&#8243; padding_top=&#8221;95&#8243; padding_bottom=&#8221;0&#8243;][vc_column width=&#8221;1\/6&#8243;][\/vc_column][vc_column width=&#8221;2\/3&#8243;][vc_column_text]<\/p>\n<h3 style=\"text-align: left;\">TENDERING PROCEDURES<\/h3>\n<p>[\/vc_column_text][vc_separator type=&#8221;transparent&#8221; up=&#8221;13&#8243; down=&#8221;8&#8243;][vc_column_text]We have an administrative team with expertise in applying for tenders and public tenders in Spain.[\/vc_column_text][\/vc_column][vc_column width=&#8221;1\/6&#8243;][\/vc_column][\/vc_row][vc_row css_animation=&#8221;&#8221; row_type=&#8221;row&#8221; use_row_as_full_screen_section=&#8221;no&#8221; type=&#8221;grid&#8221; anchor=&#8221;portfolio&#8221; angled_section=&#8221;no&#8221; text_align=&#8221;left&#8221; background_image_as_pattern=&#8221;without_pattern&#8221; background_color=&#8221;#f7f7f7&#8243; padding_top=&#8221;95&#8243; padding_bottom=&#8221;0&#8243;][vc_column width=&#8221;1\/6&#8243;][\/vc_column][vc_column width=&#8221;2\/3&#8243;][vc_column_text]<\/p>\n<h3 style=\"text-align: left;\">LEGALISLATION<\/h3>\n<p>[\/vc_column_text][vc_separator type=&#8221;transparent&#8221; up=&#8221;13&#8243; down=&#8221;8&#8243;][vc_column_text]Seguro de Responsabilidad Civil y Prevenci\u00f3n de Riesgos Laborales en conciertos y espect\u00e1culos.<\/p>\n<p>Todos los Artistas tiene la obligaci\u00f3n de tener el curso de Formaci\u00f3n en lo que se refiere a Prevenci\u00f3n de Riesgos Laborales (PRL).<\/p>\n<p>Peri\u00f3dicamente, impartimos cursos de formaci\u00f3n para que los Artistas puedan realizarlo.[\/vc_column_text][\/vc_column][vc_column width=&#8221;1\/6&#8243;][\/vc_column][\/vc_row][vc_row css_animation=&#8221;&#8221; row_type=&#8221;row&#8221; use_row_as_full_screen_section=&#8221;no&#8221; type=&#8221;grid&#8221; anchor=&#8221;portfolio&#8221; angled_section=&#8221;no&#8221; text_align=&#8221;left&#8221; background_image_as_pattern=&#8221;without_pattern&#8221; background_color=&#8221;#f7f7f7&#8243; padding_top=&#8221;95&#8243; padding_bottom=&#8221;0&#8243;][vc_column width=&#8221;1\/6&#8243;][\/vc_column][vc_column width=&#8221;2\/3&#8243;][vc_column_text]<\/p>\n<h3 style=\"text-align: left;\">OCCUPATIONAL HEALTH<\/h3>\n<p>[\/vc_column_text][vc_separator type=&#8221;transparent&#8221; up=&#8221;13&#8243; down=&#8221;8&#8243;][vc_column_text]We adapt occupational medical examinations to each person depending on the risks arising from each job.[\/vc_column_text][\/vc_column][vc_column width=&#8221;1\/6&#8243;][\/vc_column][\/vc_row][vc_row css_animation=&#8221;&#8221; row_type=&#8221;row&#8221; use_row_as_full_screen_section=&#8221;no&#8221; type=&#8221;grid&#8221; anchor=&#8221;portfolio&#8221; angled_section=&#8221;no&#8221; text_align=&#8221;left&#8221; background_image_as_pattern=&#8221;without_pattern&#8221; background_color=&#8221;#f7f7f7&#8243; padding_top=&#8221;95&#8243; padding_bottom=&#8221;0&#8243;][vc_column width=&#8221;1\/6&#8243;][\/vc_column][vc_column width=&#8221;2\/3&#8243;][vc_column_text]<\/p>\n<h3 style=\"text-align: left;\">PROMOTION<\/h3>\n<p>[\/vc_column_text][vc_separator type=&#8221;transparent&#8221; up=&#8221;13&#8243; down=&#8221;8&#8243;][vc_column_text]Free promotion on social networks of the artists who work with us.[\/vc_column_text][\/vc_column][vc_column width=&#8221;1\/6&#8243;][\/vc_column][\/vc_row][vc_row css_animation=&#8221;&#8221; row_type=&#8221;row&#8221; use_row_as_full_screen_section=&#8221;no&#8221; type=&#8221;grid&#8221; anchor=&#8221;portfolio&#8221; angled_section=&#8221;no&#8221; text_align=&#8221;left&#8221; background_image_as_pattern=&#8221;without_pattern&#8221; background_color=&#8221;#f7f7f7&#8243; padding_top=&#8221;95&#8243; padding_bottom=&#8221;0&#8243;][vc_column width=&#8221;1\/6&#8243;][\/vc_column][vc_column width=&#8221;2\/3&#8243;][vc_column_text]<\/p>\n<h3 style=\"text-align: left;\">DISCOUNTS<\/h3>\n<p>[\/vc_column_text][vc_separator type=&#8221;transparent&#8221; up=&#8221;13&#8243; down=&#8221;8&#8243;][vc_column_text]Discounts on purchases of sound equipment, musical instruments, audiovisual and DJ equipment. All our artists can benefit from significant discounts on all the equipment necessary for their profession.[\/vc_column_text][\/vc_column][vc_column width=&#8221;1\/6&#8243;][\/vc_column][\/vc_row][vc_row css_animation=&#8221;&#8221; row_type=&#8221;row&#8221; use_row_as_full_screen_section=&#8221;no&#8221; type=&#8221;grid&#8221; anchor=&#8221;portfolio&#8221; angled_section=&#8221;no&#8221; text_align=&#8221;left&#8221; background_image_as_pattern=&#8221;without_pattern&#8221; background_color=&#8221;#f7f7f7&#8243; padding_top=&#8221;95&#8243; padding_bottom=&#8221;0&#8243;][vc_column width=&#8221;1\/6&#8243;][\/vc_column][vc_column width=&#8221;2\/3&#8243;][vc_column_text]<\/p>\n<h3 style=\"text-align: left;\">DISTRIBUTION<\/h3>\n<p>[\/vc_column_text][vc_column_text]Unlimited music release anywhere in the world &#8230;Ready to get your music out there?<br \/>\nYou&#8217;re in good hands, release your music in an unlimited way anywhere in the world.[\/vc_column_text][vc_separator type=&#8221;transparent&#8221; up=&#8221;13&#8243; down=&#8221;8&#8243;][vc_separator type=&#8221;transparent&#8221; up=&#8221;13&#8243; down=&#8221;8&#8243;][vc_separator type=&#8221;transparent&#8221; up=&#8221;13&#8243; down=&#8221;8&#8243;][vc_separator type=&#8221;transparent&#8221; up=&#8221;13&#8243; down=&#8221;8&#8243;][\/vc_column][vc_column width=&#8221;1\/6&#8243;][\/vc_column][\/vc_row]<\/p>\n","protected":false},"excerpt":{"rendered":"<p>[vc_row css_animation=&#8221;&#8221; row_type=&#8221;row&#8221; use_row_as_full_screen_section=&#8221;no&#8221; type=&#8221;grid&#8221; angled_section=&#8221;no&#8221; text_align=&#8221;left&#8221; background_image_as_pattern=&#8221;without_pattern&#8221; padding_top=&#8221;87&#8243; padding_bottom=&#8221;23&#8243;][vc_column][vc_separator type=&#8221;small&#8221; position=&#8221;center&#8221; transparency=&#8221;0&#8243; up=&#8221;7&#8243; down=&#8221;37&#8243;][vc_separator type=&#8221;small&#8221; position=&#8221;center&#8221; transparency=&#8221;0&#8243; up=&#8221;7&#8243; down=&#8221;37&#8243;][vc_column_text] LABOR MANAGEMENT &amp; ARTIST BILLING [\/vc_column_text][vc_separator type=&#8221;small&#8221; position=&#8221;center&#8221; up=&#8221;7&#8243; down=&#8221;37&#8243;][vc_column_text] Tax and accounting solutions for professionals in the cultural and events sector [\/vc_column_text][vc_separator type=&#8221;small&#8221; position=&#8221;center&#8221;&#8230;<\/p>\n","protected":false},"author":1,"featured_media":0,"parent":0,"menu_order":0,"comment_status":"closed","ping_status":"closed","template":"full_width.php","meta":{"footnotes":""},"class_list":["post-17708","page","type-page","status-publish","hentry"],"yoast_head":"<!-- This site is optimized with the Yoast SEO plugin v24.8.1 - https:\/\/yoast.com\/wordpress\/plugins\/seo\/ -->\n<title>Music management - ActivPro<\/title>\n<meta name=\"robots\" content=\"index, follow, max-snippet:-1, max-image-preview:large, max-video-preview:-1\" \/>\n<link rel=\"canonical\" href=\"https:\/\/activpro.es\/en\/gestion-musical\/\" \/>\n<meta property=\"og:locale\" content=\"en_US\" \/>\n<meta property=\"og:type\" content=\"article\" \/>\n<meta property=\"og:title\" content=\"Music management - ActivPro\" \/>\n<meta property=\"og:description\" content=\"[vc_row css_animation=&#8221;&#8221; row_type=&#8221;row&#8221; use_row_as_full_screen_section=&#8221;no&#8221; type=&#8221;grid&#8221; angled_section=&#8221;no&#8221; text_align=&#8221;left&#8221; background_image_as_pattern=&#8221;without_pattern&#8221; padding_top=&#8221;87&#8243; padding_bottom=&#8221;23&#8243;][vc_column][vc_separator type=&#8221;small&#8221; position=&#8221;center&#8221; transparency=&#8221;0&#8243; up=&#8221;7&#8243; down=&#8221;37&#8243;][vc_separator type=&#8221;small&#8221; position=&#8221;center&#8221; transparency=&#8221;0&#8243; up=&#8221;7&#8243; down=&#8221;37&#8243;][vc_column_text] LABOR MANAGEMENT &amp; ARTIST BILLING [\/vc_column_text][vc_separator type=&#8221;small&#8221; position=&#8221;center&#8221; up=&#8221;7&#8243; down=&#8221;37&#8243;][vc_column_text] Tax and accounting solutions for professionals in the cultural and events sector [\/vc_column_text][vc_separator type=&#8221;small&#8221; position=&#8221;center&#8221;...\" \/>\n<meta property=\"og:url\" content=\"https:\/\/activpro.es\/en\/gestion-musical\/\" \/>\n<meta property=\"og:site_name\" content=\"ActivPro\" \/>\n<meta property=\"article:publisher\" content=\"https:\/\/www.facebook.com\/activesoundproductions\/?fref=ts\" \/>\n<meta property=\"article:modified_time\" content=\"2023-04-12T13:49:58+00:00\" \/>\n<meta name=\"twitter:card\" content=\"summary_large_image\" \/>\n<meta name=\"twitter:site\" content=\"@Activesoundpro\" \/>\n<meta name=\"twitter:label1\" content=\"Est. reading time\" \/>\n\t<meta name=\"twitter:data1\" content=\"7 minutes\" \/>\n<script type=\"application\/ld+json\" class=\"yoast-schema-graph\">{\"@context\":\"https:\/\/schema.org\",\"@graph\":[{\"@type\":\"WebPage\",\"@id\":\"https:\/\/activpro.es\/en\/gestion-musical\/\",\"url\":\"https:\/\/activpro.es\/en\/gestion-musical\/\",\"name\":\"Music management - ActivPro\",\"isPartOf\":{\"@id\":\"https:\/\/activpro.es\/en\/#website\"},\"datePublished\":\"2023-04-04T08:47:09+00:00\",\"dateModified\":\"2023-04-12T13:49:58+00:00\",\"breadcrumb\":{\"@id\":\"https:\/\/activpro.es\/en\/gestion-musical\/#breadcrumb\"},\"inLanguage\":\"en-US\",\"potentialAction\":[{\"@type\":\"ReadAction\",\"target\":[[\"https:\/\/activpro.es\/en\/gestion-musical\/\"]]}]},{\"@type\":\"BreadcrumbList\",\"@id\":\"https:\/\/activpro.es\/en\/gestion-musical\/#breadcrumb\",\"itemListElement\":[{\"@type\":\"ListItem\",\"position\":1,\"name\":\"Home\",\"item\":\"https:\/\/activpro.es\/en\/\"},{\"@type\":\"ListItem\",\"position\":2,\"name\":\"Music management\"}]},{\"@type\":\"WebSite\",\"@id\":\"https:\/\/activpro.es\/en\/#website\",\"url\":\"https:\/\/activpro.es\/en\/\",\"name\":\"ActivPro\",\"description\":\"Profesional Sound &amp; Entertaiment Agency\",\"publisher\":{\"@id\":\"https:\/\/activpro.es\/en\/#organization\"},\"potentialAction\":[{\"@type\":\"SearchAction\",\"target\":{\"@type\":\"EntryPoint\",\"urlTemplate\":\"https:\/\/activpro.es\/en\/?s={search_term_string}\"},\"query-input\":{\"@type\":\"PropertyValueSpecification\",\"valueRequired\":true,\"valueName\":\"search_term_string\"}}],\"inLanguage\":\"en-US\"},{\"@type\":\"Organization\",\"@id\":\"https:\/\/activpro.es\/en\/#organization\",\"name\":\"Active Sound Production\",\"url\":\"https:\/\/activpro.es\/en\/\",\"logo\":{\"@type\":\"ImageObject\",\"inLanguage\":\"en-US\",\"@id\":\"https:\/\/activpro.es\/en\/#\/schema\/logo\/image\/\",\"url\":\"https:\/\/activpro.es\/wp-content\/uploads\/2016\/06\/logotipo-4.png\",\"contentUrl\":\"https:\/\/activpro.es\/wp-content\/uploads\/2016\/06\/logotipo-4.png\",\"width\":2102,\"height\":623,\"caption\":\"Active Sound Production\"},\"image\":{\"@id\":\"https:\/\/activpro.es\/en\/#\/schema\/logo\/image\/\"},\"sameAs\":[\"https:\/\/www.facebook.com\/activesoundproductions\/?fref=ts\",\"https:\/\/x.com\/Activesoundpro\",\"https:\/\/www.instagram.com\/miguelcorchon\/\"]}]}<\/script>\n<!-- \/ Yoast SEO plugin. -->","yoast_head_json":{"title":"Music management - ActivPro","robots":{"index":"index","follow":"follow","max-snippet":"max-snippet:-1","max-image-preview":"max-image-preview:large","max-video-preview":"max-video-preview:-1"},"canonical":"https:\/\/activpro.es\/en\/gestion-musical\/","og_locale":"en_US","og_type":"article","og_title":"Music management - ActivPro","og_description":"[vc_row css_animation=&#8221;&#8221; row_type=&#8221;row&#8221; use_row_as_full_screen_section=&#8221;no&#8221; type=&#8221;grid&#8221; angled_section=&#8221;no&#8221; text_align=&#8221;left&#8221; background_image_as_pattern=&#8221;without_pattern&#8221; padding_top=&#8221;87&#8243; padding_bottom=&#8221;23&#8243;][vc_column][vc_separator type=&#8221;small&#8221; position=&#8221;center&#8221; transparency=&#8221;0&#8243; up=&#8221;7&#8243; down=&#8221;37&#8243;][vc_separator type=&#8221;small&#8221; position=&#8221;center&#8221; transparency=&#8221;0&#8243; up=&#8221;7&#8243; down=&#8221;37&#8243;][vc_column_text] LABOR MANAGEMENT &amp; ARTIST BILLING [\/vc_column_text][vc_separator type=&#8221;small&#8221; position=&#8221;center&#8221; up=&#8221;7&#8243; down=&#8221;37&#8243;][vc_column_text] Tax and accounting solutions for professionals in the cultural and events sector [\/vc_column_text][vc_separator type=&#8221;small&#8221; position=&#8221;center&#8221;...","og_url":"https:\/\/activpro.es\/en\/gestion-musical\/","og_site_name":"ActivPro","article_publisher":"https:\/\/www.facebook.com\/activesoundproductions\/?fref=ts","article_modified_time":"2023-04-12T13:49:58+00:00","twitter_card":"summary_large_image","twitter_site":"@Activesoundpro","twitter_misc":{"Est. reading time":"7 minutes"},"schema":{"@context":"https:\/\/schema.org","@graph":[{"@type":"WebPage","@id":"https:\/\/activpro.es\/en\/gestion-musical\/","url":"https:\/\/activpro.es\/en\/gestion-musical\/","name":"Music management - ActivPro","isPartOf":{"@id":"https:\/\/activpro.es\/en\/#website"},"datePublished":"2023-04-04T08:47:09+00:00","dateModified":"2023-04-12T13:49:58+00:00","breadcrumb":{"@id":"https:\/\/activpro.es\/en\/gestion-musical\/#breadcrumb"},"inLanguage":"en-US","potentialAction":[{"@type":"ReadAction","target":[["https:\/\/activpro.es\/en\/gestion-musical\/"]]}]},{"@type":"BreadcrumbList","@id":"https:\/\/activpro.es\/en\/gestion-musical\/#breadcrumb","itemListElement":[{"@type":"ListItem","position":1,"name":"Home","item":"https:\/\/activpro.es\/en\/"},{"@type":"ListItem","position":2,"name":"Music management"}]},{"@type":"WebSite","@id":"https:\/\/activpro.es\/en\/#website","url":"https:\/\/activpro.es\/en\/","name":"ActivPro","description":"Profesional Sound &amp; Entertaiment Agency","publisher":{"@id":"https:\/\/activpro.es\/en\/#organization"},"potentialAction":[{"@type":"SearchAction","target":{"@type":"EntryPoint","urlTemplate":"https:\/\/activpro.es\/en\/?s={search_term_string}"},"query-input":{"@type":"PropertyValueSpecification","valueRequired":true,"valueName":"search_term_string"}}],"inLanguage":"en-US"},{"@type":"Organization","@id":"https:\/\/activpro.es\/en\/#organization","name":"Active Sound Production","url":"https:\/\/activpro.es\/en\/","logo":{"@type":"ImageObject","inLanguage":"en-US","@id":"https:\/\/activpro.es\/en\/#\/schema\/logo\/image\/","url":"https:\/\/activpro.es\/wp-content\/uploads\/2016\/06\/logotipo-4.png","contentUrl":"https:\/\/activpro.es\/wp-content\/uploads\/2016\/06\/logotipo-4.png","width":2102,"height":623,"caption":"Active Sound Production"},"image":{"@id":"https:\/\/activpro.es\/en\/#\/schema\/logo\/image\/"},"sameAs":["https:\/\/www.facebook.com\/activesoundproductions\/?fref=ts","https:\/\/x.com\/Activesoundpro","https:\/\/www.instagram.com\/miguelcorchon\/"]}]}},"_links":{"self":[{"href":"https:\/\/activpro.es\/en\/wp-json\/wp\/v2\/pages\/17708","targetHints":{"allow":["GET"]}}],"collection":[{"href":"https:\/\/activpro.es\/en\/wp-json\/wp\/v2\/pages"}],"about":[{"href":"https:\/\/activpro.es\/en\/wp-json\/wp\/v2\/types\/page"}],"author":[{"embeddable":true,"href":"https:\/\/activpro.es\/en\/wp-json\/wp\/v2\/users\/1"}],"replies":[{"embeddable":true,"href":"https:\/\/activpro.es\/en\/wp-json\/wp\/v2\/comments?post=17708"}],"version-history":[{"count":6,"href":"https:\/\/activpro.es\/en\/wp-json\/wp\/v2\/pages\/17708\/revisions"}],"predecessor-version":[{"id":18052,"href":"https:\/\/activpro.es\/en\/wp-json\/wp\/v2\/pages\/17708\/revisions\/18052"}],"wp:attachment":[{"href":"https:\/\/activpro.es\/en\/wp-json\/wp\/v2\/media?parent=17708"}],"curies":[{"name":"wp","href":"https:\/\/api.w.org\/{rel}","templated":true}]}}